{"id":54433,"date":"2021-01-24T21:49:28","date_gmt":"2021-01-24T21:49:28","guid":{"rendered":"https:\/\/piano.grafikstudio-rostock.de\/?page_id=54433"},"modified":"2021-01-25T16:03:48","modified_gmt":"2021-01-25T16:03:48","slug":"steinway-sons","status":"publish","type":"page","link":"https:\/\/pianogalerie-dresden.de\/en\/steinway-sons\/","title":{"rendered":"Steinway &#038; Sons"},"content":{"rendered":"<p>[et_pb_section fb_built=&#8221;1&#8243; _builder_version=&#8221;4.7.4&#8243; _module_preset=&#8221;default&#8221;][et_pb_row column_structure=&#8221;1_4,3_4&#8243; disabled_on=&#8221;off|off|off&#8221; _builder_version=&#8221;4.8.1&#8243; _module_preset=&#8221;default&#8221; width_tablet=&#8221;&#8221; width_phone=&#8221;100%&#8221; width_last_edited=&#8221;on|phone&#8221; max_width=&#8221;70%&#8221; max_width_tablet=&#8221;&#8221; max_width_phone=&#8221;100%&#8221; max_width_last_edited=&#8221;on|phone&#8221;][et_pb_column type=&#8221;1_4&#8243; disabled_on=&#8221;on|on|off&#8221; _builder_version=&#8221;4.7.4&#8243; _module_preset=&#8221;default&#8221;][et_pb_sidebar disabled_on=&#8221;on|on|off&#8221; _builder_version=&#8221;4.7.4&#8243; _module_preset=&#8221;default&#8221; header_font=&#8221;|600|||||||&#8221; text_orientation=&#8221;center&#8221;][\/et_pb_sidebar][\/et_pb_column][et_pb_column type=&#8221;3_4&#8243; _builder_version=&#8221;4.7.4&#8243; _module_preset=&#8221;default&#8221;][et_pb_text admin_label=&#8221;H1 Titel&#8221; _builder_version=&#8221;4.8.1&#8243; _dynamic_attributes=&#8221;content&#8221; _module_preset=&#8221;default&#8221; header_font=&#8221;Josefin Sans|700||on|||||&#8221; header_text_align=&#8221;left&#8221; header_text_color=&#8221;#000000&#8243; header_font_size=&#8221;39px&#8221; header_letter_spacing=&#8221;4px&#8221; header_line_height=&#8221;1.2em&#8221; animation_style=&#8221;zoom&#8221; header_text_align_tablet=&#8221;&#8221; header_text_align_phone=&#8221;center&#8221; header_text_align_last_edited=&#8221;on|phone&#8221; header_font_size_tablet=&#8221;40px&#8221; header_font_size_phone=&#8221;31px&#8221; header_font_size_last_edited=&#8221;on|phone&#8221;]@ET-DC@eyJkeW5hbWljIjp0cnVlLCJjb250ZW50IjoicG9zdF90aXRsZSIsInNldHRpbmdzIjp7ImJlZm9yZSI6IjxoMT4iLCJhZnRlciI6IjwvaDE+In19@[\/et_pb_text][dss_toolset_view view=&#8221;54436&#8243; disabled_on=&#8221;on|off|off&#8221; _builder_version=&#8221;4.8.1&#8243; _module_preset=&#8221;default&#8221;][\/dss_toolset_view][dss_toolset_view view=&#8221;54452&#8243; disabled_on=&#8221;off|on|on&#8221; _builder_version=&#8221;4.8.1&#8243; _module_preset=&#8221;default&#8221;][\/dss_toolset_view][et_pb_text _builder_version=&#8221;4.8.1&#8243; _module_preset=&#8221;default&#8221; text_font_size=&#8221;20px&#8221; text_line_height=&#8221;1.6em&#8221; custom_margin=&#8221;|20px||20px|false|true&#8221; custom_padding_tablet=&#8221;&#8221; custom_padding_phone=&#8221;|10px|50px|10px|false|true&#8221; custom_padding_last_edited=&#8221;on|phone&#8221; global_module=&#8221;54079&#8243; saved_tabs=&#8221;all&#8221;]<\/p>\n<p>Wir k\u00f6nnen Ihnen eine gro\u00dfe Auswahl <strong>gr\u00f6\u00dftenteils gebrauchter, aber sehr gepflegter<\/strong> Instrumente in unserem Gesch\u00e4ft am Wei\u00dfen Hirsch zur Ansicht und zum Anspiel pr\u00e4sentieren. Die Instrumente werden in unserer eigenen <strong>Meister-Werkstatt<\/strong> gr\u00fcndlich \u00fcberpr\u00fcft, repariert oder komplett neu aufgebaut. Das bedeutet f\u00fcr Sie in erster Linie sehr gute Qualit\u00e4t zum fairen Preis. Wir gew\u00e4hren Ihnen beim Kauf auf unsere Instrumente <strong>5 Jahre Garantie<\/strong>.<\/p>\n<p>Zudem haben Sie in den ersten<strong> zwei Jahren ein Umtauschrecht,<\/strong> wenn der Neuerwerb nicht voll und ganz Ihren Anspr\u00fcchen gerecht werden sollte und Sie sich f\u00fcr ein gleich- oder h\u00f6herwertiges Instrument entscheiden. Der Kaufpreis wird Ihnen komplett angerechnet.<\/p>\n<p>[\/et_pb_text][et_pb_sidebar disabled_on=&#8221;off|off|on&#8221; _builder_version=&#8221;4.8.1&#8243; _module_preset=&#8221;default&#8221; header_font=&#8221;|600|||||||&#8221; text_orientation=&#8221;center&#8221;][\/et_pb_sidebar][\/et_pb_column][\/et_pb_row][\/et_pb_section]<\/p>\n","protected":false},"excerpt":{"rendered":"<p><div class=\"et_pb_module dss_toolset_view dss_toolset_view_0\">\n\t\t\t\t\n\t\t\t\t\n\t\t\t\t\n\t\t\t\t\n\t\t\t\t\n\t\t\t\t\n\t\t\t\t<div class=\"et_pb_module_inner\">\n\t\t\t\t\t\n\n\n<div id=\"wpv-view-layout-54436\" class=\"js-wpv-view-layout js-wpv-layout-responsive js-wpv-view-layout-54436\" data-viewnumber=\"54436\" data-pagination=\"{&quot;id&quot;:54436,&quot;query&quot;:&quot;normal&quot;,&quot;type&quot;:&quot;disabled&quot;,&quot;effect&quot;:&quot;fade&quot;,&quot;duration&quot;:500,&quot;speed&quot;:5,&quot;pause_on_hover&quot;:&quot;disabled&quot;,&quot;stop_rollover&quot;:&quot;false&quot;,&quot;cache_pages&quot;:&quot;enabled&quot;,&quot;preload_images&quot;:&quot;enabled&quot;,&quot;preload_pages&quot;:&quot;enabled&quot;,&quot;preload_reach&quot;:1,&quot;spinner&quot;:&quot;builtin&quot;,&quot;spinner_image&quot;:&quot;https:\/\/pianogalerie-dresden.de\/wp-content\/plugins\/wp-views\/embedded\/res\/img\/ajax-loader.gif&quot;,&quot;callback_next&quot;:&quot;&quot;,&quot;manage_history&quot;:&quot;enabled&quot;,&quot;has_controls_in_form&quot;:&quot;disabled&quot;,&quot;infinite_tolerance&quot;:&quot;0&quot;,&quot;max_pages&quot;:0,&quot;page&quot;:1,&quot;base_permalink&quot;:&quot;\/en\/wp-json\/wp\/v2\/pages\/54433?wpv_view_count=54436&amp;wpv_paged=WPV_PAGE_NUM&quot;,&quot;loop&quot;:{&quot;type&quot;:&quot;&quot;,&quot;name&quot;:&quot;&quot;,&quot;data&quot;:[],&quot;id&quot;:0}}\" data-permalink=\"\/en\/wp-json\/wp\/v2\/pages\/54433?wpv_view_count=54436\">\n\n\t\n\t\n\t<table width=\"100%\" class=\"wpv-loop js-wpv-loop\">\n\t\n\t\t\n\t\t<tr>\n\t\t\t<td>\n\t\t\t\t<div class=\"et_pb_section et_pb_section_0 et_pb_with_background et_section_regular\" >\n\t\t\t\t\n\t\t\t\t\n\t\t\t\t\n\t\t\t\t\n\t\t\t\t\n\t\t\t\t\n\t\t\t\t<div class=\"et_pb_row et_pb_row_0 et_pb_equal_columns\">\n\t\t\t\t<div class=\"et_pb_column et_pb_column_4_4 et_pb_column_0  et_pb_css_mix_blend_mode_passthrough et-last-child\">\n\t\t\t\t\n\t\t\t\t\n\t\t\t\t\n\t\t\t\t\n\t\t\t\t<div class=\"et_pb_module dss_post_featured_image dss_post_featured_image_0\">\n\t\t\t\t\n\t\t\t\t\n\t\t\t\t\n\t\t\t\t\n\t\t\t\t\n\t\t\t\t\n\t\t\t\t<div class=\"et_pb_module_inner\">\n\t\t\t\t\t<div class=\"et_pb_module et_pb_image \">\n\t\t\t\t<a href=\"\"><span class=\"et_pb_image_wrap\">\n\t\t\t\t<img decoding=\"async\" class=\"dss_post_featured_image_image\" src=\"\" alt=\"\" \/>\n\t\t\t\t\n\t\t\t<\/span><\/a>\n\t\t\t<\/div>\n\t\t\t\t<\/div>\n\t\t\t<\/div><div class=\"et_pb_module dss_post_title dss_post_title_0\">\n\t\t\t\t\n\t\t\t\t\n\t\t\t\t\n\t\t\t\t\n\t\t\t\t\n\t\t\t\t\n\t\t\t\t<div class=\"et_pb_module_inner\">\n\t\t\t\t\t<h1 class=\"dss_post_title_title\"><a href=\"\"><\/a><\/h1>\n\t\t\t\t<\/div>\n\t\t\t<\/div><div class=\"et_pb_module dss_toolset_textfield dss_toolset_textfield_0\">\n\t\t\t\t\n\t\t\t\t\n\t\t\t\t\n\t\t\t\t\n\t\t\t\t\n\t\t\t\t\n\t\t\t\t<div class=\"et_pb_module_inner\">\n\t\t\t\t\t<p class=\"dss_toolset_label\"><\/p>\n\t\t\t\t<\/div>\n\t\t\t<\/div>\n\t\t\t<\/div>\n\t\t\t\t\n\t\t\t\t\n\t\t\t\t\n\t\t\t\t\n\t\t\t<\/div>\n\t\t\t\t\n\t\t\t\t\n\t\t\t<\/div>\n\t\t\t<\/td>\n\t\t\n\t\t\n\t\t\t<td>\n\t\t\t\t<div class=\"et_pb_section et_pb_section_1 et_pb_with_background et_section_regular\" >\n\t\t\t\t\n\t\t\t\t\n\t\t\t\t\n\t\t\t\t\n\t\t\t\t\n\t\t\t\t\n\t\t\t\t<div class=\"et_pb_row et_pb_row_1 et_pb_equal_columns\">\n\t\t\t\t<div class=\"et_pb_column et_pb_column_4_4 et_pb_column_1  et_pb_css_mix_blend_mode_passthrough et-last-child\">\n\t\t\t\t\n\t\t\t\t\n\t\t\t\t\n\t\t\t\t\n\t\t\t\t<div class=\"et_pb_module dss_post_featured_image dss_post_featured_image_1\">\n\t\t\t\t\n\t\t\t\t\n\t\t\t\t\n\t\t\t\t\n\t\t\t\t\n\t\t\t\t\n\t\t\t\t<div class=\"et_pb_module_inner\">\n\t\t\t\t\t<div class=\"et_pb_module et_pb_image \">\n\t\t\t\t<a href=\"\"><span class=\"et_pb_image_wrap\">\n\t\t\t\t<img decoding=\"async\" class=\"dss_post_featured_image_image\" src=\"\" alt=\"\" \/>\n\t\t\t\t\n\t\t\t<\/span><\/a>\n\t\t\t<\/div>\n\t\t\t\t<\/div>\n\t\t\t<\/div><div class=\"et_pb_module dss_post_title dss_post_title_1\">\n\t\t\t\t\n\t\t\t\t\n\t\t\t\t\n\t\t\t\t\n\t\t\t\t\n\t\t\t\t\n\t\t\t\t<div class=\"et_pb_module_inner\">\n\t\t\t\t\t<h1 class=\"dss_post_title_title\"><a href=\"\"><\/a><\/h1>\n\t\t\t\t<\/div>\n\t\t\t<\/div><div class=\"et_pb_module dss_toolset_textfield dss_toolset_textfield_1\">\n\t\t\t\t\n\t\t\t\t\n\t\t\t\t\n\t\t\t\t\n\t\t\t\t\n\t\t\t\t\n\t\t\t\t<div class=\"et_pb_module_inner\">\n\t\t\t\t\t<p class=\"dss_toolset_label\"><\/p>\n\t\t\t\t<\/div>\n\t\t\t<\/div>\n\t\t\t<\/div>\n\t\t\t\t\n\t\t\t\t\n\t\t\t\t\n\t\t\t\t\n\t\t\t<\/div>\n\t\t\t\t\n\t\t\t\t\n\t\t\t<\/div>\n\t\t\t<\/td>\n\t\t\n\t\t\n\t\t\t<td>\n\t\t\t\t<div class=\"et_pb_section et_pb_section_2 et_pb_with_background et_section_regular\" >\n\t\t\t\t\n\t\t\t\t\n\t\t\t\t\n\t\t\t\t\n\t\t\t\t\n\t\t\t\t\n\t\t\t\t<div class=\"et_pb_row et_pb_row_2 et_pb_equal_columns\">\n\t\t\t\t<div class=\"et_pb_column et_pb_column_4_4 et_pb_column_2  et_pb_css_mix_blend_mode_passthrough et-last-child\">\n\t\t\t\t\n\t\t\t\t\n\t\t\t\t\n\t\t\t\t\n\t\t\t\t<div class=\"et_pb_module dss_post_featured_image dss_post_featured_image_2\">\n\t\t\t\t\n\t\t\t\t\n\t\t\t\t\n\t\t\t\t\n\t\t\t\t\n\t\t\t\t\n\t\t\t\t<div class=\"et_pb_module_inner\">\n\t\t\t\t\t<div class=\"et_pb_module et_pb_image \">\n\t\t\t\t<a href=\"\"><span class=\"et_pb_image_wrap\">\n\t\t\t\t<img decoding=\"async\" class=\"dss_post_featured_image_image\" src=\"\" alt=\"\" \/>\n\t\t\t\t\n\t\t\t<\/span><\/a>\n\t\t\t<\/div>\n\t\t\t\t<\/div>\n\t\t\t<\/div><div class=\"et_pb_module dss_post_title dss_post_title_2\">\n\t\t\t\t\n\t\t\t\t\n\t\t\t\t\n\t\t\t\t\n\t\t\t\t\n\t\t\t\t\n\t\t\t\t<div class=\"et_pb_module_inner\">\n\t\t\t\t\t<h1 class=\"dss_post_title_title\"><a href=\"\"><\/a><\/h1>\n\t\t\t\t<\/div>\n\t\t\t<\/div><div class=\"et_pb_module dss_toolset_textfield dss_toolset_textfield_2\">\n\t\t\t\t\n\t\t\t\t\n\t\t\t\t\n\t\t\t\t\n\t\t\t\t\n\t\t\t\t\n\t\t\t\t<div class=\"et_pb_module_inner\">\n\t\t\t\t\t<p class=\"dss_toolset_label\"><\/p>\n\t\t\t\t<\/div>\n\t\t\t<\/div>\n\t\t\t<\/div>\n\t\t\t\t\n\t\t\t\t\n\t\t\t\t\n\t\t\t\t\n\t\t\t<\/div>\n\t\t\t\t\n\t\t\t\t\n\t\t\t<\/div>\n\t\t\t<\/td>\n\t\t<\/tr>\n\t\t\n\t<\/table>\n\t\n\t\n\t\n<\/div>\n\n\t\t\t\t<\/div>\n\t\t\t<\/div><div class=\"et_pb_module dss_toolset_view dss_toolset_view_1\">\n\t\t\t\t\n\t\t\t\t\n\t\t\t\t\n\t\t\t\t\n\t\t\t\t\n\t\t\t\t\n\t\t\t\t<div class=\"et_pb_module_inner\">\n\t\t\t\t\t\n\n\n<div id=\"wpv-view-layout-54452\" class=\"js-wpv-view-layout js-wpv-layout-responsive js-wpv-view-layout-54452\" data-viewnumber=\"54452\" data-pagination=\"{&quot;id&quot;:54452,&quot;query&quot;:&quot;normal&quot;,&quot;type&quot;:&quot;disabled&quot;,&quot;effect&quot;:&quot;fade&quot;,&quot;duration&quot;:500,&quot;speed&quot;:5,&quot;pause_on_hover&quot;:&quot;disabled&quot;,&quot;stop_rollover&quot;:&quot;false&quot;,&quot;cache_pages&quot;:&quot;enabled&quot;,&quot;preload_images&quot;:&quot;enabled&quot;,&quot;preload_pages&quot;:&quot;enabled&quot;,&quot;preload_reach&quot;:1,&quot;spinner&quot;:&quot;builtin&quot;,&quot;spinner_image&quot;:&quot;https:\/\/pianogalerie-dresden.de\/wp-content\/plugins\/wp-views\/embedded\/res\/img\/ajax-loader.gif&quot;,&quot;callback_next&quot;:&quot;&quot;,&quot;manage_history&quot;:&quot;enabled&quot;,&quot;has_controls_in_form&quot;:&quot;disabled&quot;,&quot;infinite_tolerance&quot;:&quot;0&quot;,&quot;max_pages&quot;:0,&quot;page&quot;:1,&quot;base_permalink&quot;:&quot;\/en\/wp-json\/wp\/v2\/pages\/54433?wpv_view_count=54452&amp;wpv_paged=WPV_PAGE_NUM&quot;,&quot;loop&quot;:{&quot;type&quot;:&quot;&quot;,&quot;name&quot;:&quot;&quot;,&quot;data&quot;:[],&quot;id&quot;:0}}\" data-permalink=\"\/en\/wp-json\/wp\/v2\/pages\/54433?wpv_view_count=54452\">\n\n\t\n\t\n\t\n\t\t<div class=\"et_pb_section et_pb_section_3 et_section_regular\" >\n\t\t\t\t\n\t\t\t\t\n\t\t\t\t\n\t\t\t\t\n\t\t\t\t\n\t\t\t\t\n\t\t\t\t<div class=\"et_pb_with_border et_pb_row et_pb_row_3\">\n\t\t\t\t<div class=\"et_pb_column et_pb_column_4_4 et_pb_column_3  et_pb_css_mix_blend_mode_passthrough et-last-child\">\n\t\t\t\t\n\t\t\t\t\n\t\t\t\t\n\t\t\t\t\n\t\t\t\t<div class=\"et_pb_module dss_post_featured_image dss_post_featured_image_3\">\n\t\t\t\t\n\t\t\t\t\n\t\t\t\t\n\t\t\t\t\n\t\t\t\t\n\t\t\t\t\n\t\t\t\t<div class=\"et_pb_module_inner\">\n\t\t\t\t\t<div class=\"et_pb_module et_pb_image  et_always_center_on_mobile\">\n\t\t\t\t<a href=\"\"><span class=\"et_pb_image_wrap\">\n\t\t\t\t<img decoding=\"async\" class=\"dss_post_featured_image_image\" src=\"\" alt=\"\" \/>\n\t\t\t\t\n\t\t\t<\/span><\/a>\n\t\t\t<\/div>\n\t\t\t\t<\/div>\n\t\t\t<\/div><div class=\"et_pb_module dss_post_title dss_post_title_3\">\n\t\t\t\t\n\t\t\t\t\n\t\t\t\t\n\t\t\t\t\n\t\t\t\t\n\t\t\t\t\n\t\t\t\t<div class=\"et_pb_module_inner\">\n\t\t\t\t\t<h1 class=\"dss_post_title_title\"><a href=\"\"><\/a><\/h1>\n\t\t\t\t<\/div>\n\t\t\t<\/div><div class=\"et_pb_module dss_toolset_textfield dss_toolset_textfield_3\">\n\t\t\t\t\n\t\t\t\t\n\t\t\t\t\n\t\t\t\t\n\t\t\t\t\n\t\t\t\t\n\t\t\t\t<div class=\"et_pb_module_inner\">\n\t\t\t\t\t\n\t\t\t\t<\/div>\n\t\t\t<\/div>\n\t\t\t<\/div>\n\t\t\t\t\n\t\t\t\t\n\t\t\t\t\n\t\t\t\t\n\t\t\t<\/div>\n\t\t\t\t\n\t\t\t\t\n\t\t\t<\/div>\n\t\n\t\t<div class=\"et_pb_section et_pb_section_4 et_section_regular\" >\n\t\t\t\t\n\t\t\t\t\n\t\t\t\t\n\t\t\t\t\n\t\t\t\t\n\t\t\t\t\n\t\t\t\t<div class=\"et_pb_with_border et_pb_row et_pb_row_4\">\n\t\t\t\t<div class=\"et_pb_column et_pb_column_4_4 et_pb_column_4  et_pb_css_mix_blend_mode_passthrough et-last-child\">\n\t\t\t\t\n\t\t\t\t\n\t\t\t\t\n\t\t\t\t\n\t\t\t\t<div class=\"et_pb_module dss_post_featured_image dss_post_featured_image_4\">\n\t\t\t\t\n\t\t\t\t\n\t\t\t\t\n\t\t\t\t\n\t\t\t\t\n\t\t\t\t\n\t\t\t\t<div class=\"et_pb_module_inner\">\n\t\t\t\t\t<div class=\"et_pb_module et_pb_image  et_always_center_on_mobile\">\n\t\t\t\t<a href=\"\"><span class=\"et_pb_image_wrap\">\n\t\t\t\t<img decoding=\"async\" class=\"dss_post_featured_image_image\" src=\"\" alt=\"\" \/>\n\t\t\t\t\n\t\t\t<\/span><\/a>\n\t\t\t<\/div>\n\t\t\t\t<\/div>\n\t\t\t<\/div><div class=\"et_pb_module dss_post_title dss_post_title_4\">\n\t\t\t\t\n\t\t\t\t\n\t\t\t\t\n\t\t\t\t\n\t\t\t\t\n\t\t\t\t\n\t\t\t\t<div class=\"et_pb_module_inner\">\n\t\t\t\t\t<h1 class=\"dss_post_title_title\"><a href=\"\"><\/a><\/h1>\n\t\t\t\t<\/div>\n\t\t\t<\/div><div class=\"et_pb_module dss_toolset_textfield dss_toolset_textfield_4\">\n\t\t\t\t\n\t\t\t\t\n\t\t\t\t\n\t\t\t\t\n\t\t\t\t\n\t\t\t\t\n\t\t\t\t<div class=\"et_pb_module_inner\">\n\t\t\t\t\t\n\t\t\t\t<\/div>\n\t\t\t<\/div>\n\t\t\t<\/div>\n\t\t\t\t\n\t\t\t\t\n\t\t\t\t\n\t\t\t\t\n\t\t\t<\/div>\n\t\t\t\t\n\t\t\t\t\n\t\t\t<\/div>\n\t\n\t\t<div class=\"et_pb_section et_pb_section_5 et_section_regular\" >\n\t\t\t\t\n\t\t\t\t\n\t\t\t\t\n\t\t\t\t\n\t\t\t\t\n\t\t\t\t\n\t\t\t\t<div class=\"et_pb_with_border et_pb_row et_pb_row_5\">\n\t\t\t\t<div class=\"et_pb_column et_pb_column_4_4 et_pb_column_5  et_pb_css_mix_blend_mode_passthrough et-last-child\">\n\t\t\t\t\n\t\t\t\t\n\t\t\t\t\n\t\t\t\t\n\t\t\t\t<div class=\"et_pb_module dss_post_featured_image dss_post_featured_image_5\">\n\t\t\t\t\n\t\t\t\t\n\t\t\t\t\n\t\t\t\t\n\t\t\t\t\n\t\t\t\t\n\t\t\t\t<div class=\"et_pb_module_inner\">\n\t\t\t\t\t<div class=\"et_pb_module et_pb_image  et_always_center_on_mobile\">\n\t\t\t\t<a href=\"\"><span class=\"et_pb_image_wrap\">\n\t\t\t\t<img decoding=\"async\" class=\"dss_post_featured_image_image\" src=\"\" alt=\"\" \/>\n\t\t\t\t\n\t\t\t<\/span><\/a>\n\t\t\t<\/div>\n\t\t\t\t<\/div>\n\t\t\t<\/div><div class=\"et_pb_module dss_post_title dss_post_title_5\">\n\t\t\t\t\n\t\t\t\t\n\t\t\t\t\n\t\t\t\t\n\t\t\t\t\n\t\t\t\t\n\t\t\t\t<div class=\"et_pb_module_inner\">\n\t\t\t\t\t<h1 class=\"dss_post_title_title\"><a href=\"\"><\/a><\/h1>\n\t\t\t\t<\/div>\n\t\t\t<\/div><div class=\"et_pb_module dss_toolset_textfield dss_toolset_textfield_5\">\n\t\t\t\t\n\t\t\t\t\n\t\t\t\t\n\t\t\t\t\n\t\t\t\t\n\t\t\t\t\n\t\t\t\t<div class=\"et_pb_module_inner\">\n\t\t\t\t\t\n\t\t\t\t<\/div>\n\t\t\t<\/div>\n\t\t\t<\/div>\n\t\t\t\t\n\t\t\t\t\n\t\t\t\t\n\t\t\t\t\n\t\t\t<\/div>\n\t\t\t\t\n\t\t\t\t\n\t\t\t<\/div>\n\t\n\t\n\t\n\t\n<\/div>\n\n\t\t\t\t<\/div>\n\t\t\t<\/div>Wir k\u00f6nnen Ihnen eine gro\u00dfe Auswahl gr\u00f6\u00dftenteils gebrauchter, aber sehr gepflegter Instrumente in unserem Gesch\u00e4ft am Wei\u00dfen Hirsch zur Ansicht und zum Anspiel pr\u00e4sentieren. Die Instrumente werden in unserer eigenen Meister-Werkstatt gr\u00fcndlich \u00fcberpr\u00fcft, repariert oder komplett neu aufgebaut. Das bedeutet f\u00fcr Sie in erster Linie sehr gute [&hellip;]<\/p>\n","protected":false},"author":1,"featured_media":0,"parent":0,"menu_order":0,"comment_status":"closed","ping_status":"closed","template":"","meta":{"_et_pb_use_builder":"on","_et_pb_old_content":"","_et_gb_content_width":"","footnotes":""},"class_list":["post-54433","page","type-page","status-publish","hentry"],"yoast_head":"<!-- This site is optimized with the Yoast SEO plugin v27.3 - https:\/\/yoast.com\/product\/yoast-seo-wordpress\/ -->\n<title>Steinway &amp; Sons &#8226; Piano Galerie Dresden<\/title>\n<meta name=\"robots\" content=\"index, follow, max-snippet:-1, max-image-preview:large, max-video-preview:-1\" \/>\n<link rel=\"canonical\" href=\"https:\/\/pianogalerie-dresden.de\/en\/steinway-sons\/\" \/>\n<meta property=\"og:locale\" content=\"en_GB\" \/>\n<meta property=\"og:type\" content=\"article\" \/>\n<meta property=\"og:title\" content=\"Steinway &amp; Sons &#8226; Piano Galerie Dresden\" \/>\n<meta property=\"og:description\" content=\"Hersteller: Grotrian Steinweg Modell: Modell 122 Oberfl\u00e4che: schwarz poliert Mechanik: Renner Mechanik Baujahr: 1981 Pedale: 2 Abmessungen: 121cm hoch x 147cm breit x 56cm tief Zustand: gebraucht, Made in Germany, neue schwarz polierte Oberfl\u00e4che Sonstiges: Das GROTRIAN-STEINWEG, Modell 122 ist ein Klavier der Spitzenklasse. Sein Klang ist hervorragend und f\u00fcr fortgeschrittene Klavierspieler und Profis bestens [&hellip;]\" \/>\n<meta property=\"og:url\" content=\"https:\/\/pianogalerie-dresden.de\/en\/steinway-sons\/\" \/>\n<meta property=\"og:site_name\" content=\"Piano Galerie Dresden\" \/>\n<meta property=\"article:modified_time\" content=\"2021-01-25T16:03:48+00:00\" \/>\n<meta property=\"og:image\" content=\"https:\/\/pianogalerie-dresden.de\/wp-content\/uploads\/2021\/02\/360-grad-piano-galerie-dresden.jpg\" \/>\n\t<meta property=\"og:image:width\" content=\"1396\" \/>\n\t<meta property=\"og:image:height\" content=\"930\" \/>\n\t<meta property=\"og:image:type\" content=\"image\/jpeg\" \/>\n<meta name=\"twitter:card\" content=\"summary_large_image\" \/>\n<meta name=\"twitter:label1\" content=\"Estimated reading time\" \/>\n\t<meta name=\"twitter:data1\" content=\"2 minutes\" \/>\n<script type=\"application\/ld+json\" class=\"yoast-schema-graph\">{\"@context\":\"https:\\\/\\\/schema.org\",\"@graph\":[{\"@type\":\"WebPage\",\"@id\":\"https:\\\/\\\/pianogalerie-dresden.de\\\/steinway-sons\\\/\",\"url\":\"https:\\\/\\\/pianogalerie-dresden.de\\\/steinway-sons\\\/\",\"name\":\"Steinway & Sons &#8226; Piano Galerie Dresden\",\"isPartOf\":{\"@id\":\"https:\\\/\\\/pianogalerie-dresden.de\\\/#website\"},\"datePublished\":\"2021-01-24T21:49:28+00:00\",\"dateModified\":\"2021-01-25T16:03:48+00:00\",\"breadcrumb\":{\"@id\":\"https:\\\/\\\/pianogalerie-dresden.de\\\/steinway-sons\\\/#breadcrumb\"},\"inLanguage\":\"en-GB\",\"potentialAction\":[{\"@type\":\"ReadAction\",\"target\":[\"https:\\\/\\\/pianogalerie-dresden.de\\\/steinway-sons\\\/\"]}]},{\"@type\":\"BreadcrumbList\",\"@id\":\"https:\\\/\\\/pianogalerie-dresden.de\\\/steinway-sons\\\/#breadcrumb\",\"itemListElement\":[{\"@type\":\"ListItem\",\"position\":1,\"name\":\"Startseite\",\"item\":\"https:\\\/\\\/pianogalerie-dresden.de\\\/\"},{\"@type\":\"ListItem\",\"position\":2,\"name\":\"Steinway &#038; Sons\"}]},{\"@type\":\"WebSite\",\"@id\":\"https:\\\/\\\/pianogalerie-dresden.de\\\/#website\",\"url\":\"https:\\\/\\\/pianogalerie-dresden.de\\\/\",\"name\":\"Piano Galerie Dresden\",\"description\":\"Klaviere Fl\u00fcgel Verkauf\",\"publisher\":{\"@id\":\"https:\\\/\\\/pianogalerie-dresden.de\\\/#organization\"},\"potentialAction\":[{\"@type\":\"SearchAction\",\"target\":{\"@type\":\"EntryPoint\",\"urlTemplate\":\"https:\\\/\\\/pianogalerie-dresden.de\\\/?s={search_term_string}\"},\"query-input\":{\"@type\":\"PropertyValueSpecification\",\"valueRequired\":true,\"valueName\":\"search_term_string\"}}],\"inLanguage\":\"en-GB\"},{\"@type\":\"Organization\",\"@id\":\"https:\\\/\\\/pianogalerie-dresden.de\\\/#organization\",\"name\":\"Piano Galerie Dresden\",\"url\":\"https:\\\/\\\/pianogalerie-dresden.de\\\/\",\"logo\":{\"@type\":\"ImageObject\",\"inLanguage\":\"en-GB\",\"@id\":\"https:\\\/\\\/pianogalerie-dresden.de\\\/#\\\/schema\\\/logo\\\/image\\\/\",\"url\":\"https:\\\/\\\/pianogalerie-dresden.de\\\/wp-content\\\/uploads\\\/2021\\\/01\\\/logo-piano-galerie-dresden.png\",\"contentUrl\":\"https:\\\/\\\/pianogalerie-dresden.de\\\/wp-content\\\/uploads\\\/2021\\\/01\\\/logo-piano-galerie-dresden.png\",\"width\":545,\"height\":197,\"caption\":\"Piano Galerie Dresden\"},\"image\":{\"@id\":\"https:\\\/\\\/pianogalerie-dresden.de\\\/#\\\/schema\\\/logo\\\/image\\\/\"}}]}<\/script>\n<!-- \/ Yoast SEO plugin. -->","yoast_head_json":{"title":"Steinway & Sons &#8226; Piano Galerie Dresden","robots":{"index":"index","follow":"follow","max-snippet":"max-snippet:-1","max-image-preview":"max-image-preview:large","max-video-preview":"max-video-preview:-1"},"canonical":"https:\/\/pianogalerie-dresden.de\/en\/steinway-sons\/","og_locale":"en_GB","og_type":"article","og_title":"Steinway & Sons &#8226; Piano Galerie Dresden","og_description":"Hersteller: Grotrian Steinweg Modell: Modell 122 Oberfl\u00e4che: schwarz poliert Mechanik: Renner Mechanik Baujahr: 1981 Pedale: 2 Abmessungen: 121cm hoch x 147cm breit x 56cm tief Zustand: gebraucht, Made in Germany, neue schwarz polierte Oberfl\u00e4che Sonstiges: Das GROTRIAN-STEINWEG, Modell 122 ist ein Klavier der Spitzenklasse. Sein Klang ist hervorragend und f\u00fcr fortgeschrittene Klavierspieler und Profis bestens [&hellip;]","og_url":"https:\/\/pianogalerie-dresden.de\/en\/steinway-sons\/","og_site_name":"Piano Galerie Dresden","article_modified_time":"2021-01-25T16:03:48+00:00","og_image":[{"width":1396,"height":930,"url":"https:\/\/pianogalerie-dresden.de\/wp-content\/uploads\/2021\/02\/360-grad-piano-galerie-dresden.jpg","type":"image\/jpeg"}],"twitter_card":"summary_large_image","twitter_misc":{"Estimated reading time":"2 minutes"},"schema":{"@context":"https:\/\/schema.org","@graph":[{"@type":"WebPage","@id":"https:\/\/pianogalerie-dresden.de\/steinway-sons\/","url":"https:\/\/pianogalerie-dresden.de\/steinway-sons\/","name":"Steinway & Sons &#8226; Piano Galerie Dresden","isPartOf":{"@id":"https:\/\/pianogalerie-dresden.de\/#website"},"datePublished":"2021-01-24T21:49:28+00:00","dateModified":"2021-01-25T16:03:48+00:00","breadcrumb":{"@id":"https:\/\/pianogalerie-dresden.de\/steinway-sons\/#breadcrumb"},"inLanguage":"en-GB","potentialAction":[{"@type":"ReadAction","target":["https:\/\/pianogalerie-dresden.de\/steinway-sons\/"]}]},{"@type":"BreadcrumbList","@id":"https:\/\/pianogalerie-dresden.de\/steinway-sons\/#breadcrumb","itemListElement":[{"@type":"ListItem","position":1,"name":"Startseite","item":"https:\/\/pianogalerie-dresden.de\/"},{"@type":"ListItem","position":2,"name":"Steinway &#038; Sons"}]},{"@type":"WebSite","@id":"https:\/\/pianogalerie-dresden.de\/#website","url":"https:\/\/pianogalerie-dresden.de\/","name":"Piano Gallery Dresden","description":"Klaviere Fl\u00fcgel Verkauf","publisher":{"@id":"https:\/\/pianogalerie-dresden.de\/#organization"},"potentialAction":[{"@type":"SearchAction","target":{"@type":"EntryPoint","urlTemplate":"https:\/\/pianogalerie-dresden.de\/?s={search_term_string}"},"query-input":{"@type":"PropertyValueSpecification","valueRequired":true,"valueName":"search_term_string"}}],"inLanguage":"en-GB"},{"@type":"Organization","@id":"https:\/\/pianogalerie-dresden.de\/#organization","name":"Piano Gallery Dresden","url":"https:\/\/pianogalerie-dresden.de\/","logo":{"@type":"ImageObject","inLanguage":"en-GB","@id":"https:\/\/pianogalerie-dresden.de\/#\/schema\/logo\/image\/","url":"https:\/\/pianogalerie-dresden.de\/wp-content\/uploads\/2021\/01\/logo-piano-galerie-dresden.png","contentUrl":"https:\/\/pianogalerie-dresden.de\/wp-content\/uploads\/2021\/01\/logo-piano-galerie-dresden.png","width":545,"height":197,"caption":"Piano Galerie Dresden"},"image":{"@id":"https:\/\/pianogalerie-dresden.de\/#\/schema\/logo\/image\/"}}]}},"jetpack_sharing_enabled":true,"_links":{"self":[{"href":"https:\/\/pianogalerie-dresden.de\/en\/wp-json\/wp\/v2\/pages\/54433","targetHints":{"allow":["GET"]}}],"collection":[{"href":"https:\/\/pianogalerie-dresden.de\/en\/wp-json\/wp\/v2\/pages"}],"about":[{"href":"https:\/\/pianogalerie-dresden.de\/en\/wp-json\/wp\/v2\/types\/page"}],"author":[{"embeddable":true,"href":"https:\/\/pianogalerie-dresden.de\/en\/wp-json\/wp\/v2\/users\/1"}],"replies":[{"embeddable":true,"href":"https:\/\/pianogalerie-dresden.de\/en\/wp-json\/wp\/v2\/comments?post=54433"}],"version-history":[{"count":0,"href":"https:\/\/pianogalerie-dresden.de\/en\/wp-json\/wp\/v2\/pages\/54433\/revisions"}],"wp:attachment":[{"href":"https:\/\/pianogalerie-dresden.de\/en\/wp-json\/wp\/v2\/media?parent=54433"}],"curies":[{"name":"wp","href":"https:\/\/api.w.org\/{rel}","templated":true}]}}