{"id":53283,"date":"2020-11-19T16:39:54","date_gmt":"2020-11-19T16:39:54","guid":{"rendered":"http:\/\/piano.grafikstudio-rostock.de\/?page_id=53283"},"modified":"2023-02-20T11:18:20","modified_gmt":"2023-02-20T11:18:20","slug":"kontakt-2","status":"publish","type":"page","link":"https:\/\/pianogalerie-dresden.de\/en\/kontakt-2\/","title":{"rendered":"Contact"},"content":{"rendered":"<p>[et_pb_section fb_built=&#8221;1&#8243; _builder_version=&#8221;4.8.1&#8243; _module_preset=&#8221;default&#8221; global_colors_info=&#8221;{}&#8221;][et_pb_row column_structure=&#8221;1_2,1_2&#8243; _builder_version=&#8221;4.8.1&#8243; _module_preset=&#8221;default&#8221; width_tablet=&#8221;&#8221; width_phone=&#8221;&#8221; width_last_edited=&#8221;on|desktop&#8221; max_width=&#8221;70%&#8221; max_width_tablet=&#8221;&#8221; max_width_phone=&#8221;&#8221; max_width_last_edited=&#8221;on|desktop&#8221; global_colors_info=&#8221;{}&#8221;][et_pb_column type=&#8221;1_2&#8243; _builder_version=&#8221;4.8.1&#8243; _module_preset=&#8221;default&#8221; global_colors_info=&#8221;{}&#8221;][et_pb_text admin_label=&#8221;H1 Titel&#8221; _builder_version=&#8221;4.7.3&#8243; _dynamic_attributes=&#8221;content&#8221; _module_preset=&#8221;default&#8221; header_font=&#8221;Josefin Sans|700||on|||||&#8221; header_text_align=&#8221;left&#8221; header_text_color=&#8221;#000000&#8243; header_font_size=&#8221;39px&#8221; header_letter_spacing=&#8221;4px&#8221; header_line_height=&#8221;1.2em&#8221; animation_style=&#8221;zoom&#8221; header_font_size_tablet=&#8221;40px&#8221; header_font_size_phone=&#8221;31px&#8221; header_font_size_last_edited=&#8221;on|phone&#8221; global_colors_info=&#8221;{}&#8221;]@ET-DC@eyJkeW5hbWljIjp0cnVlLCJjb250ZW50IjoicG9zdF90aXRsZSIsInNldHRpbmdzIjp7ImJlZm9yZSI6IjxoMT4iLCJhZnRlciI6IjwvaDE+In19@[\/et_pb_text][et_pb_text _builder_version=&#8221;4.8.1&#8243; text_font=&#8221;Josefin Sans|700||on|||||&#8221; text_text_color=&#8221;#000000&#8243; text_letter_spacing=&#8221;4px&#8221; text_line_height=&#8221;1.8em&#8221; header_font=&#8221;||||||||&#8221; header_4_font=&#8221;Josefin Sans|600|||||||&#8221; header_4_font_size=&#8221;19px&#8221; header_4_letter_spacing=&#8221;4px&#8221; background_size=&#8221;initial&#8221; background_position=&#8221;top_left&#8221; background_repeat=&#8221;repeat&#8221; custom_margin=&#8221;||0px||false|false&#8221; animation_style=&#8221;fade&#8221; locked=&#8221;off&#8221; global_colors_info=&#8221;{}&#8221;]<\/p>\n<p>\u00d6ffnungszeiten<\/p>\n<p>[\/et_pb_text][et_pb_text _builder_version=&#8221;4.14.9&#8243; _module_preset=&#8221;default&#8221; text_font_size=&#8221;18px&#8221; text_line_height=&#8221;1.8em&#8221; hover_enabled=&#8221;0&#8243; text_font_size_tablet=&#8221;&#8221; text_font_size_phone=&#8221;17px&#8221; text_font_size_last_edited=&#8221;on|phone&#8221; global_colors_info=&#8221;{}&#8221; sticky_enabled=&#8221;0&#8243;]<\/p>\n<p>Jederzeit (auch am Wochenende) nach vorheriger<br \/>Termin-Vereinbarung. Die Pianogalerie ist nicht st\u00e4ndig besetzt.<\/p>\n<p>Kontakt \u00fcber Telefon:\u00a0+49 351 2654540<br \/>Kontakt \u00fcber Email: <a href=\"mailto:info@pianogalerie-dresden.de\">info@pianogalerie-dresden.de<\/a><br \/>Kontakt \u00fcber WhatsApp: Button clicken oder direkt an<br \/>+49 351 2654540<\/p>\n<p><a href=\"https:\/\/api.whatsapp.com\/send?phone=493512654540\" title=\"Senden Sie uns Nachricht \u00fcber WhatsApp\" target=\"_blank\" rel=\"noreferrer noopener\"><img decoding=\"async\" src=\"https:\/\/business-view.photo\/wp-content\/uploads\/2020\/01\/whatsapp-business.png\" alt=\"WhatsApp\" width=\"82\" height=\"39\" border=\"0\" \/><\/a><\/p>\n<p style=\"font-size: xx-small;\">Mit dem klicken auf dem WhatsApp Button, erkl\u00e4ren Sie sich damit einverstanden, das Ihr Daten (insbesondere Telefonummer<br \/>und Name) an Facebook und WhatsApp weitergegeben werden. WhatsApp Inc. teilt Informationen weltweit, sowohl intern mit den Facebook-Unternehmen als auch extern mit Unternehmen, Dienstleistern und Partnern und au\u00dferdem mit jenen, mit denen du weltweit kommunizierst. Deine Informationen k\u00f6nnen f\u00fcr die in dieser Datenschutzrichtlinie https:\/\/www.whatsapp.com\/legal\/#privacy-policy beschriebenen Zwecke beispielsweise in die USA oder andere Drittl\u00e4nder \u00fcbertragen oder \u00fcbermittelt bzw. dort gespeichert und verarbeitet werden.<\/p>\n<p>[\/et_pb_text][et_pb_text _builder_version=&#8221;4.8.1&#8243; text_font=&#8221;Josefin Sans|700||on|||||&#8221; text_text_color=&#8221;#000000&#8243; text_letter_spacing=&#8221;4px&#8221; text_line_height=&#8221;1.8em&#8221; header_font=&#8221;||||||||&#8221; header_4_font=&#8221;Josefin Sans|600|||||||&#8221; header_4_font_size=&#8221;19px&#8221; header_4_letter_spacing=&#8221;4px&#8221; background_size=&#8221;initial&#8221; background_position=&#8221;top_left&#8221; background_repeat=&#8221;repeat&#8221; custom_margin=&#8221;||0px||false|false&#8221; animation_style=&#8221;fade&#8221; locked=&#8221;off&#8221; global_colors_info=&#8221;{}&#8221;]<\/p>\n<p>Ansprechpartner<\/p>\n<p>[\/et_pb_text][et_pb_text _builder_version=&#8221;4.14.9&#8243; _module_preset=&#8221;default&#8221; text_font_size=&#8221;18px&#8221; text_line_height=&#8221;1.8em&#8221; hover_enabled=&#8221;0&#8243; text_font_size_tablet=&#8221;&#8221; text_font_size_phone=&#8221;17px&#8221; text_font_size_last_edited=&#8221;on|phone&#8221; global_colors_info=&#8221;{}&#8221; sticky_enabled=&#8221;0&#8243;]<\/p>\n<p>Thomas Eckert &#8211; Verkauf, Vermietung, Ankauf<br \/>Telefon: +49 351 2654540<br \/><a href=\"mailto:info@pianogalerie-dresden.de\">info@pianogalerie-dresden.de<\/a><\/p>\n<p>[\/et_pb_text][\/et_pb_column][et_pb_column type=&#8221;1_2&#8243; _builder_version=&#8221;4.8.1&#8243; _module_preset=&#8221;default&#8221; global_colors_info=&#8221;{}&#8221;][\/et_pb_column][\/et_pb_row][et_pb_row column_structure=&#8221;1_2,1_2&#8243; _builder_version=&#8221;4.8.1&#8243; _module_preset=&#8221;default&#8221; width_tablet=&#8221;&#8221; width_phone=&#8221;&#8221; width_last_edited=&#8221;on|desktop&#8221; max_width=&#8221;70%&#8221; max_width_tablet=&#8221;&#8221; max_width_phone=&#8221;&#8221; max_width_last_edited=&#8221;on|desktop&#8221; global_colors_info=&#8221;{}&#8221;][et_pb_column type=&#8221;1_2&#8243; _builder_version=&#8221;4.8.1&#8243; _module_preset=&#8221;default&#8221; global_colors_info=&#8221;{}&#8221;][et_pb_image src=&#8221;https:\/\/pianogalerie-dresden.de\/wp-content\/uploads\/2021\/02\/360-grad-piano-galerie-dresden.jpg&#8221; title_text=&#8221;360 grad piano galerie dresden&#8221; url=&#8221;https:\/\/infos-dresden360.de\/kategorien\/handel\/musikinstrumente\/piano-galerie-dresden&#8221; url_new_window=&#8221;on&#8221; _builder_version=&#8221;4.8.2&#8243; _module_preset=&#8221;default&#8221; global_colors_info=&#8221;{}&#8221;][\/et_pb_image][\/et_pb_column][et_pb_column type=&#8221;1_2&#8243; _builder_version=&#8221;4.8.1&#8243; _module_preset=&#8221;default&#8221; global_colors_info=&#8221;{}&#8221;][et_pb_code _builder_version=&#8221;4.8.1&#8243; _module_preset=&#8221;default&#8221; global_colors_info=&#8221;{}&#8221;]<iframe src=\"https:\/\/www.google.com\/maps\/d\/embed?mid=1OObf85aMpxYzeCHAjtXnrLcb1A2YsvHz\" width=\"800\" height=\"600\"><\/iframe>[\/et_pb_code][\/et_pb_column][\/et_pb_row][\/et_pb_section]<\/p>\n","protected":false},"excerpt":{"rendered":"<p>\u00d6ffnungszeitenJederzeit (auch am Wochenende) nach vorherigerTermin-Vereinbarung. Die Pianogalerie ist nicht st\u00e4ndig besetzt. Kontakt \u00fcber Telefon:\u00a0+49 351 2654540Kontakt \u00fcber Email: info@pianogalerie-dresden.deKontakt \u00fcber WhatsApp: Button clicken oder direkt an+49 351 2654540 Mit dem klicken auf dem WhatsApp Button, erkl\u00e4ren Sie sich damit einverstanden, das Ihr Daten (insbesondere Telefonummerund Name) an Facebook und WhatsApp weitergegeben werden. WhatsApp Inc. [&hellip;]<\/p>\n","protected":false},"author":1,"featured_media":0,"parent":0,"menu_order":0,"comment_status":"closed","ping_status":"closed","template":"","meta":{"_et_pb_use_builder":"on","_et_pb_old_content":"<!-- wp:divi\/placeholder \/-->","_et_gb_content_width":"","footnotes":""},"class_list":["post-53283","page","type-page","status-publish","hentry"],"yoast_head":"<!-- This site is optimized with the Yoast SEO plugin v27.3 - https:\/\/yoast.com\/product\/yoast-seo-wordpress\/ -->\n<title>Kontakt &#8226; Piano Galerie Dresden<\/title>\n<meta name=\"robots\" content=\"index, follow, max-snippet:-1, max-image-preview:large, max-video-preview:-1\" \/>\n<link rel=\"canonical\" href=\"https:\/\/pianogalerie-dresden.de\/en\/kontakt-2\/\" \/>\n<meta property=\"og:locale\" content=\"en_GB\" \/>\n<meta property=\"og:type\" content=\"article\" \/>\n<meta property=\"og:title\" content=\"Kontakt &#8226; Piano Galerie Dresden\" \/>\n<meta property=\"og:description\" content=\"Hersteller: Grotrian Steinweg Modell: Modell 122 Oberfl\u00e4che: schwarz poliert Mechanik: Renner Mechanik Baujahr: 1981 Pedale: 2 Abmessungen: 121cm hoch x 147cm breit x 56cm tief Zustand: gebraucht, Made in Germany, neue schwarz polierte Oberfl\u00e4che Sonstiges: Das GROTRIAN-STEINWEG, Modell 122 ist ein Klavier der Spitzenklasse. Sein Klang ist hervorragend und f\u00fcr fortgeschrittene Klavierspieler und Profis bestens [&hellip;]\" \/>\n<meta property=\"og:url\" content=\"https:\/\/pianogalerie-dresden.de\/en\/kontakt-2\/\" \/>\n<meta property=\"og:site_name\" content=\"Piano Galerie Dresden\" \/>\n<meta property=\"article:modified_time\" content=\"2023-02-20T11:18:20+00:00\" \/>\n<meta property=\"og:image\" content=\"https:\/\/business-view.photo\/wp-content\/uploads\/2020\/01\/whatsapp-business.png\" \/>\n<meta name=\"twitter:card\" content=\"summary_large_image\" \/>\n<meta name=\"twitter:label1\" content=\"Estimated reading time\" \/>\n\t<meta name=\"twitter:data1\" content=\"3 minutes\" \/>\n<script type=\"application\/ld+json\" class=\"yoast-schema-graph\">{\"@context\":\"https:\\\/\\\/schema.org\",\"@graph\":[{\"@type\":\"WebPage\",\"@id\":\"https:\\\/\\\/pianogalerie-dresden.de\\\/kontakt-2\\\/\",\"url\":\"https:\\\/\\\/pianogalerie-dresden.de\\\/kontakt-2\\\/\",\"name\":\"Kontakt &#8226; Piano Galerie Dresden\",\"isPartOf\":{\"@id\":\"https:\\\/\\\/pianogalerie-dresden.de\\\/#website\"},\"primaryImageOfPage\":{\"@id\":\"https:\\\/\\\/pianogalerie-dresden.de\\\/kontakt-2\\\/#primaryimage\"},\"image\":{\"@id\":\"https:\\\/\\\/pianogalerie-dresden.de\\\/kontakt-2\\\/#primaryimage\"},\"thumbnailUrl\":\"https:\\\/\\\/business-view.photo\\\/wp-content\\\/uploads\\\/2020\\\/01\\\/whatsapp-business.png\",\"datePublished\":\"2020-11-19T16:39:54+00:00\",\"dateModified\":\"2023-02-20T11:18:20+00:00\",\"breadcrumb\":{\"@id\":\"https:\\\/\\\/pianogalerie-dresden.de\\\/kontakt-2\\\/#breadcrumb\"},\"inLanguage\":\"en-GB\",\"potentialAction\":[{\"@type\":\"ReadAction\",\"target\":[\"https:\\\/\\\/pianogalerie-dresden.de\\\/kontakt-2\\\/\"]}]},{\"@type\":\"ImageObject\",\"inLanguage\":\"en-GB\",\"@id\":\"https:\\\/\\\/pianogalerie-dresden.de\\\/kontakt-2\\\/#primaryimage\",\"url\":\"https:\\\/\\\/business-view.photo\\\/wp-content\\\/uploads\\\/2020\\\/01\\\/whatsapp-business.png\",\"contentUrl\":\"https:\\\/\\\/business-view.photo\\\/wp-content\\\/uploads\\\/2020\\\/01\\\/whatsapp-business.png\"},{\"@type\":\"BreadcrumbList\",\"@id\":\"https:\\\/\\\/pianogalerie-dresden.de\\\/kontakt-2\\\/#breadcrumb\",\"itemListElement\":[{\"@type\":\"ListItem\",\"position\":1,\"name\":\"Startseite\",\"item\":\"https:\\\/\\\/pianogalerie-dresden.de\\\/\"},{\"@type\":\"ListItem\",\"position\":2,\"name\":\"Kontakt\"}]},{\"@type\":\"WebSite\",\"@id\":\"https:\\\/\\\/pianogalerie-dresden.de\\\/#website\",\"url\":\"https:\\\/\\\/pianogalerie-dresden.de\\\/\",\"name\":\"Piano Galerie Dresden\",\"description\":\"Klaviere Fl\u00fcgel Verkauf\",\"publisher\":{\"@id\":\"https:\\\/\\\/pianogalerie-dresden.de\\\/#organization\"},\"potentialAction\":[{\"@type\":\"SearchAction\",\"target\":{\"@type\":\"EntryPoint\",\"urlTemplate\":\"https:\\\/\\\/pianogalerie-dresden.de\\\/?s={search_term_string}\"},\"query-input\":{\"@type\":\"PropertyValueSpecification\",\"valueRequired\":true,\"valueName\":\"search_term_string\"}}],\"inLanguage\":\"en-GB\"},{\"@type\":\"Organization\",\"@id\":\"https:\\\/\\\/pianogalerie-dresden.de\\\/#organization\",\"name\":\"Piano Galerie Dresden\",\"url\":\"https:\\\/\\\/pianogalerie-dresden.de\\\/\",\"logo\":{\"@type\":\"ImageObject\",\"inLanguage\":\"en-GB\",\"@id\":\"https:\\\/\\\/pianogalerie-dresden.de\\\/#\\\/schema\\\/logo\\\/image\\\/\",\"url\":\"https:\\\/\\\/pianogalerie-dresden.de\\\/wp-content\\\/uploads\\\/2021\\\/01\\\/logo-piano-galerie-dresden.png\",\"contentUrl\":\"https:\\\/\\\/pianogalerie-dresden.de\\\/wp-content\\\/uploads\\\/2021\\\/01\\\/logo-piano-galerie-dresden.png\",\"width\":545,\"height\":197,\"caption\":\"Piano Galerie Dresden\"},\"image\":{\"@id\":\"https:\\\/\\\/pianogalerie-dresden.de\\\/#\\\/schema\\\/logo\\\/image\\\/\"}}]}<\/script>\n<!-- \/ Yoast SEO plugin. -->","yoast_head_json":{"title":"Kontakt &#8226; Piano Galerie Dresden","robots":{"index":"index","follow":"follow","max-snippet":"max-snippet:-1","max-image-preview":"max-image-preview:large","max-video-preview":"max-video-preview:-1"},"canonical":"https:\/\/pianogalerie-dresden.de\/en\/kontakt-2\/","og_locale":"en_GB","og_type":"article","og_title":"Kontakt &#8226; Piano Galerie Dresden","og_description":"Hersteller: Grotrian Steinweg Modell: Modell 122 Oberfl\u00e4che: schwarz poliert Mechanik: Renner Mechanik Baujahr: 1981 Pedale: 2 Abmessungen: 121cm hoch x 147cm breit x 56cm tief Zustand: gebraucht, Made in Germany, neue schwarz polierte Oberfl\u00e4che Sonstiges: Das GROTRIAN-STEINWEG, Modell 122 ist ein Klavier der Spitzenklasse. Sein Klang ist hervorragend und f\u00fcr fortgeschrittene Klavierspieler und Profis bestens [&hellip;]","og_url":"https:\/\/pianogalerie-dresden.de\/en\/kontakt-2\/","og_site_name":"Piano Galerie Dresden","article_modified_time":"2023-02-20T11:18:20+00:00","og_image":[{"url":"https:\/\/business-view.photo\/wp-content\/uploads\/2020\/01\/whatsapp-business.png","type":"","width":"","height":""}],"twitter_card":"summary_large_image","twitter_misc":{"Estimated reading time":"3 minutes"},"schema":{"@context":"https:\/\/schema.org","@graph":[{"@type":"WebPage","@id":"https:\/\/pianogalerie-dresden.de\/kontakt-2\/","url":"https:\/\/pianogalerie-dresden.de\/kontakt-2\/","name":"Kontakt &#8226; Piano Galerie Dresden","isPartOf":{"@id":"https:\/\/pianogalerie-dresden.de\/#website"},"primaryImageOfPage":{"@id":"https:\/\/pianogalerie-dresden.de\/kontakt-2\/#primaryimage"},"image":{"@id":"https:\/\/pianogalerie-dresden.de\/kontakt-2\/#primaryimage"},"thumbnailUrl":"https:\/\/business-view.photo\/wp-content\/uploads\/2020\/01\/whatsapp-business.png","datePublished":"2020-11-19T16:39:54+00:00","dateModified":"2023-02-20T11:18:20+00:00","breadcrumb":{"@id":"https:\/\/pianogalerie-dresden.de\/kontakt-2\/#breadcrumb"},"inLanguage":"en-GB","potentialAction":[{"@type":"ReadAction","target":["https:\/\/pianogalerie-dresden.de\/kontakt-2\/"]}]},{"@type":"ImageObject","inLanguage":"en-GB","@id":"https:\/\/pianogalerie-dresden.de\/kontakt-2\/#primaryimage","url":"https:\/\/business-view.photo\/wp-content\/uploads\/2020\/01\/whatsapp-business.png","contentUrl":"https:\/\/business-view.photo\/wp-content\/uploads\/2020\/01\/whatsapp-business.png"},{"@type":"BreadcrumbList","@id":"https:\/\/pianogalerie-dresden.de\/kontakt-2\/#breadcrumb","itemListElement":[{"@type":"ListItem","position":1,"name":"Startseite","item":"https:\/\/pianogalerie-dresden.de\/"},{"@type":"ListItem","position":2,"name":"Kontakt"}]},{"@type":"WebSite","@id":"https:\/\/pianogalerie-dresden.de\/#website","url":"https:\/\/pianogalerie-dresden.de\/","name":"Piano Gallery Dresden","description":"Klaviere Fl\u00fcgel Verkauf","publisher":{"@id":"https:\/\/pianogalerie-dresden.de\/#organization"},"potentialAction":[{"@type":"SearchAction","target":{"@type":"EntryPoint","urlTemplate":"https:\/\/pianogalerie-dresden.de\/?s={search_term_string}"},"query-input":{"@type":"PropertyValueSpecification","valueRequired":true,"valueName":"search_term_string"}}],"inLanguage":"en-GB"},{"@type":"Organization","@id":"https:\/\/pianogalerie-dresden.de\/#organization","name":"Piano Gallery Dresden","url":"https:\/\/pianogalerie-dresden.de\/","logo":{"@type":"ImageObject","inLanguage":"en-GB","@id":"https:\/\/pianogalerie-dresden.de\/#\/schema\/logo\/image\/","url":"https:\/\/pianogalerie-dresden.de\/wp-content\/uploads\/2021\/01\/logo-piano-galerie-dresden.png","contentUrl":"https:\/\/pianogalerie-dresden.de\/wp-content\/uploads\/2021\/01\/logo-piano-galerie-dresden.png","width":545,"height":197,"caption":"Piano Galerie Dresden"},"image":{"@id":"https:\/\/pianogalerie-dresden.de\/#\/schema\/logo\/image\/"}}]}},"jetpack_sharing_enabled":true,"_links":{"self":[{"href":"https:\/\/pianogalerie-dresden.de\/en\/wp-json\/wp\/v2\/pages\/53283","targetHints":{"allow":["GET"]}}],"collection":[{"href":"https:\/\/pianogalerie-dresden.de\/en\/wp-json\/wp\/v2\/pages"}],"about":[{"href":"https:\/\/pianogalerie-dresden.de\/en\/wp-json\/wp\/v2\/types\/page"}],"author":[{"embeddable":true,"href":"https:\/\/pianogalerie-dresden.de\/en\/wp-json\/wp\/v2\/users\/1"}],"replies":[{"embeddable":true,"href":"https:\/\/pianogalerie-dresden.de\/en\/wp-json\/wp\/v2\/comments?post=53283"}],"version-history":[{"count":0,"href":"https:\/\/pianogalerie-dresden.de\/en\/wp-json\/wp\/v2\/pages\/53283\/revisions"}],"wp:attachment":[{"href":"https:\/\/pianogalerie-dresden.de\/en\/wp-json\/wp\/v2\/media?parent=53283"}],"curies":[{"name":"wp","href":"https:\/\/api.w.org\/{rel}","templated":true}]}}