{"id":53281,"date":"2020-11-19T16:39:34","date_gmt":"2020-11-19T16:39:34","guid":{"rendered":"http:\/\/piano.grafikstudio-rostock.de\/?page_id=53281"},"modified":"2021-10-25T06:59:57","modified_gmt":"2021-10-25T06:59:57","slug":"kunstausstellung","status":"publish","type":"page","link":"https:\/\/pianogalerie-dresden.de\/en\/kunstausstellung\/","title":{"rendered":"Kunstausstellung"},"content":{"rendered":"<p>[et_pb_section fb_built=&#8221;1&#8243; _builder_version=&#8221;4.7.4&#8243; _module_preset=&#8221;default&#8221;][et_pb_row column_structure=&#8221;1_4,3_4&#8243; custom_padding_last_edited=&#8221;on|phone&#8221; disabled_on=&#8221;off|off|off&#8221; _builder_version=&#8221;4.8.1&#8243; _module_preset=&#8221;default&#8221; width_tablet=&#8221;&#8221; width_phone=&#8221;90%&#8221; width_last_edited=&#8221;on|phone&#8221; max_width=&#8221;70%&#8221; max_width_tablet=&#8221;&#8221; max_width_phone=&#8221;100%&#8221; max_width_last_edited=&#8221;on|desktop&#8221; custom_margin_tablet=&#8221;&#8221; custom_margin_phone=&#8221;|20px|0px|20px|false|true&#8221; custom_margin_last_edited=&#8221;on|phone&#8221; custom_padding_tablet=&#8221;&#8221; custom_padding_phone=&#8221;|10px|0px|10px|false|true&#8221;][et_pb_column type=&#8221;1_4&#8243; disabled_on=&#8221;on|on|off&#8221; _builder_version=&#8221;4.7.4&#8243; _module_preset=&#8221;default&#8221;][et_pb_sidebar disabled_on=&#8221;on|on|off&#8221; _builder_version=&#8221;4.7.4&#8243; _module_preset=&#8221;default&#8221; header_font=&#8221;|600|||||||&#8221; text_orientation=&#8221;center&#8221;][\/et_pb_sidebar][\/et_pb_column][et_pb_column type=&#8221;3_4&#8243; _builder_version=&#8221;4.7.4&#8243; _module_preset=&#8221;default&#8221;][et_pb_text admin_label=&#8221;H1 Titel&#8221; _builder_version=&#8221;4.8.1&#8243; _module_preset=&#8221;default&#8221; header_font=&#8221;Josefin Sans|700||on|||||&#8221; header_text_align=&#8221;left&#8221; header_text_color=&#8221;#000000&#8243; header_font_size=&#8221;39px&#8221; header_letter_spacing=&#8221;4px&#8221; header_line_height=&#8221;1.2em&#8221; animation_style=&#8221;zoom&#8221; header_text_align_tablet=&#8221;&#8221; header_text_align_phone=&#8221;center&#8221; header_text_align_last_edited=&#8221;on|phone&#8221; header_font_size_tablet=&#8221;40px&#8221; header_font_size_phone=&#8221;31px&#8221; header_font_size_last_edited=&#8221;on|phone&#8221;]<\/p>\n<h1>Ausstellung Alexander Neumann<\/h1>\n<p>[\/et_pb_text][et_pb_text _builder_version=&#8221;4.9.0&#8243; _module_preset=&#8221;default&#8221; text_font_size=&#8221;18px&#8221; text_line_height=&#8221;1.8em&#8221; text_font_size_tablet=&#8221;&#8221; text_font_size_phone=&#8221;17px&#8221; text_font_size_last_edited=&#8221;on|phone&#8221;]<\/p>\n<p><strong>Der Dresdner K\u00fcnstler Alexander Neumann pr\u00e4sentiert seine Werke im Rahmen einer Dauerausstellung &#8211; Malerei in der Tradition der Dresdner Schule. <\/strong><\/p>\n<p>Diese Ausstellung ist jederzeit nach vorheriger Absprache zu besichtigen. Wir freuen uns auf Ihren Besuch. <a href=\"http:\/\/www.an-arte.com\/index.html\"><span style=\"text-decoration: underline;\"><\/span><\/a><\/p>\n<p>[\/et_pb_text][et_pb_image src=&#8221;https:\/\/pianogalerie-dresden.de\/wp-content\/uploads\/2021\/04\/11.jpeg&#8221; title_text=&#8221;Alexander Neumann&#8221; _builder_version=&#8221;4.9.0&#8243; _module_preset=&#8221;default&#8221;][\/et_pb_image][et_pb_code _builder_version=&#8221;4.9.0&#8243; _module_preset=&#8221;default&#8221;]<iframe width=\"560\" height=\"315\" src=\"https:\/\/www.youtube.com\/embed\/BVoqpgsilbU\" title=\"YouTube video player\" frameborder=\"0\" allow=\"accelerometer; autoplay; clipboard-write; encrypted-media; gyroscope; picture-in-picture\" allowfullscreen><\/iframe>[\/et_pb_code][et_pb_text module_id=&#8221;Leuchten&#8221; _builder_version=&#8221;4.8.1&#8243; text_font=&#8221;Josefin Sans|700||on|||||&#8221; text_text_color=&#8221;#000000&#8243; text_font_size=&#8221;22px&#8221; text_letter_spacing=&#8221;4px&#8221; text_line_height=&#8221;1.8em&#8221; header_font=&#8221;||||||||&#8221; header_4_font=&#8221;Josefin Sans|600|||||||&#8221; header_4_font_size=&#8221;19px&#8221; header_4_letter_spacing=&#8221;4px&#8221; background_size=&#8221;initial&#8221; background_position=&#8221;top_left&#8221; background_repeat=&#8221;repeat&#8221; custom_margin=&#8221;||0px||false|false&#8221; animation_style=&#8221;fade&#8221; text_font_size_tablet=&#8221;&#8221; text_font_size_phone=&#8221;&#8221; text_font_size_last_edited=&#8221;on|phone&#8221; text_line_height_tablet=&#8221;&#8221; text_line_height_phone=&#8221;1.3em&#8221; text_line_height_last_edited=&#8221;on|phone&#8221; text_orientation_tablet=&#8221;&#8221; text_orientation_phone=&#8221;center&#8221; text_orientation_last_edited=&#8221;on|phone&#8221; locked=&#8221;off&#8221;]<\/p>\n<p>Alexander Karl Neumann<\/p>\n<p>[\/et_pb_text][et_pb_text _builder_version=&#8221;4.8.1&#8243; _module_preset=&#8221;default&#8221; text_orientation_tablet=&#8221;&#8221; text_orientation_phone=&#8221;center&#8221; text_orientation_last_edited=&#8221;on|phone&#8221;]<\/p>\n<p><em>Maler, Bildhauer und Publizist in Dresden<\/em><\/p>\n<p>[\/et_pb_text][et_pb_image src=&#8221;https:\/\/pianogalerie-dresden.de\/wp-content\/uploads\/2021\/01\/Alexander-Neumann-Dresden-236&#215;300.jpg&#8221; title_text=&#8221;Alexander Neumann Dresden&#8221; align_tablet=&#8221;&#8221; align_phone=&#8221;center&#8221; align_last_edited=&#8221;on|phone&#8221; _builder_version=&#8221;4.8.1&#8243; _module_preset=&#8221;default&#8221;][\/et_pb_image][et_pb_text _builder_version=&#8221;4.8.2&#8243; _module_preset=&#8221;default&#8221; text_font_size=&#8221;18px&#8221; text_line_height=&#8221;1.8em&#8221;]<\/p>\n<ul>\n<li>Maler, Bildhauer, Autor, geb. 1957 in Chemnitz<\/li>\n<li>Steinmetzlehre 1974 bis 1976 \/ Arbeit im Beruf bis 1980 \/ dazwischen Grundwehrdienst<\/li>\n<li>1980 bis 1984 diverse T\u00e4tigkeiten, Heizer, Hausmeister und Museumswache, in dieser Zeit Abitur<\/li>\n<li>Studium der Malerei und Grafik an der Hochschule f\u00fcr Bildende K\u00fcnste Dresden von 1984 bis 1989<\/li>\n<li>Meistersch\u00fcler an der Kunstakademie von 1989 bis 1992, in dieser Zeit Lehrt\u00e4tigkeit an der HfBK<\/li>\n<li>Seit 1990 Studienreisen in Europa, vorwiegend Italien, Spanien, Frankreich<\/li>\n<li>Seit 1989 zahlreiche Ausstellungen in Galerien und Museen in Deutschland und im Ausland<\/li>\n<li>Werke befinden sich in Sammlungen in den USA und Europa, u. a. in der Schweiz, \u00d6sterreich, Polen, Italien und Deutschland, darunter Galerie \u201eNeue Meister\u201c, Albertinum Dresden, Kupferstichkabinett Dresden<\/li>\n<li>1990 Wettbewerb: Grand Concours \/ Luxembourg , Nominierungspreis<\/li>\n<li>1992 Wettbewerb: Spurensuche \/ Deutschland, Preistr\u00e4ger<\/li>\n<li>Alexander Neumann lebt und arbeitet in Dresden.<\/li>\n<\/ul>\n<p>Informationen \u00fcber sein t\u00e4gliches Schaffen finden Sie hier: <a href=\"http:\/\/www.an-arte.com\" title=\"Alexander Neumann\" target=\"_blank\" rel=\"noopener noreferrer\">an-arte.com<\/a><\/p>\n<p>[\/et_pb_text][et_pb_cta title=&#8221;Veranstaltungen&#8221; button_url=&#8221;http:\/\/info@pianogalerie-dresden.de&#8221; button_text=&#8221;Kontakt&#8221; _builder_version=&#8221;4.8.1&#8243; _module_preset=&#8221;default&#8221; header_font=&#8221;|600|||||||&#8221; header_font_size=&#8221;18px&#8221; background_color=&#8221;#e8e8e8&#8243; background_layout=&#8221;light&#8221; width=&#8221;39%&#8221; width_tablet=&#8221;85%&#8221; width_phone=&#8221;100%&#8221; width_last_edited=&#8221;on|tablet&#8221; module_alignment=&#8221;left&#8221; custom_margin=&#8221;100px||100px||false|false&#8221; custom_margin_tablet=&#8221;80px||||false|false&#8221; custom_margin_phone=&#8221;&#8221; custom_margin_last_edited=&#8221;on|tablet&#8221; link_option_url=&#8221;info@pianogalerie-dresden.de&#8221; header_font_size_tablet=&#8221;&#8221; header_font_size_phone=&#8221;13px&#8221; header_font_size_last_edited=&#8221;on|phone&#8221; module_alignment_tablet=&#8221;center&#8221; module_alignment_phone=&#8221;&#8221; module_alignment_last_edited=&#8221;on|phone&#8221;]Wenn Sie regelm\u00e4\u00dfig \u00fcber neue Veranstaltungen in der Piano Galerie informiert werden m\u00f6chten, schicken Sie uns bitte eine kurze Nachricht.[\/et_pb_cta][\/et_pb_column][\/et_pb_row][\/et_pb_section]<\/p>\n","protected":false},"excerpt":{"rendered":"<p>Ausstellung Alexander NeumannDer Dresdner K\u00fcnstler Alexander Neumann pr\u00e4sentiert seine Werke im Rahmen einer Dauerausstellung &#8211; Malerei in der Tradition der Dresdner Schule. Diese Ausstellung ist jederzeit nach vorheriger Absprache zu besichtigen. Wir freuen uns auf Ihren Besuch. Alexander Karl NeumannMaler, Bildhauer und Publizist in Dresden Maler, Bildhauer, Autor, geb. 1957 in Chemnitz Steinmetzlehre 1974 bis [&hellip;]<\/p>\n","protected":false},"author":1,"featured_media":0,"parent":0,"menu_order":0,"comment_status":"closed","ping_status":"closed","template":"","meta":{"_et_pb_use_builder":"on","_et_pb_old_content":"<!-- wp:divi\/placeholder \/-->","_et_gb_content_width":"","footnotes":""},"class_list":["post-53281","page","type-page","status-publish","hentry"],"yoast_head":"<!-- This site is optimized with the Yoast SEO plugin v27.3 - https:\/\/yoast.com\/product\/yoast-seo-wordpress\/ -->\n<title>Kunstausstellung &#8226; Piano Galerie Dresden<\/title>\n<meta name=\"robots\" content=\"index, follow, max-snippet:-1, max-image-preview:large, max-video-preview:-1\" \/>\n<link rel=\"canonical\" href=\"https:\/\/pianogalerie-dresden.de\/en\/kunstausstellung\/\" \/>\n<meta property=\"og:locale\" content=\"en_GB\" \/>\n<meta property=\"og:type\" content=\"article\" \/>\n<meta property=\"og:title\" content=\"Kunstausstellung &#8226; Piano Galerie Dresden\" \/>\n<meta property=\"og:description\" content=\"Hersteller: Grotrian Steinweg Modell: Modell 122 Oberfl\u00e4che: schwarz poliert Mechanik: Renner Mechanik Baujahr: 1981 Pedale: 2 Abmessungen: 121cm hoch x 147cm breit x 56cm tief Zustand: gebraucht, Made in Germany, neue schwarz polierte Oberfl\u00e4che Sonstiges: Das GROTRIAN-STEINWEG, Modell 122 ist ein Klavier der Spitzenklasse. Sein Klang ist hervorragend und f\u00fcr fortgeschrittene Klavierspieler und Profis bestens [&hellip;]\" \/>\n<meta property=\"og:url\" content=\"https:\/\/pianogalerie-dresden.de\/en\/kunstausstellung\/\" \/>\n<meta property=\"og:site_name\" content=\"Piano Galerie Dresden\" \/>\n<meta property=\"article:modified_time\" content=\"2021-10-25T06:59:57+00:00\" \/>\n<meta property=\"og:image\" content=\"https:\/\/pianogalerie-dresden.de\/wp-content\/uploads\/2021\/02\/360-grad-piano-galerie-dresden.jpg\" \/>\n\t<meta property=\"og:image:width\" content=\"1396\" \/>\n\t<meta property=\"og:image:height\" content=\"930\" \/>\n\t<meta property=\"og:image:type\" content=\"image\/jpeg\" \/>\n<meta name=\"twitter:card\" content=\"summary_large_image\" \/>\n<meta name=\"twitter:label1\" content=\"Estimated reading time\" \/>\n\t<meta name=\"twitter:data1\" content=\"4 minutes\" \/>\n<script type=\"application\/ld+json\" class=\"yoast-schema-graph\">{\"@context\":\"https:\\\/\\\/schema.org\",\"@graph\":[{\"@type\":\"WebPage\",\"@id\":\"https:\\\/\\\/pianogalerie-dresden.de\\\/kunstausstellung\\\/\",\"url\":\"https:\\\/\\\/pianogalerie-dresden.de\\\/kunstausstellung\\\/\",\"name\":\"Kunstausstellung &#8226; Piano Galerie Dresden\",\"isPartOf\":{\"@id\":\"https:\\\/\\\/pianogalerie-dresden.de\\\/#website\"},\"datePublished\":\"2020-11-19T16:39:34+00:00\",\"dateModified\":\"2021-10-25T06:59:57+00:00\",\"breadcrumb\":{\"@id\":\"https:\\\/\\\/pianogalerie-dresden.de\\\/kunstausstellung\\\/#breadcrumb\"},\"inLanguage\":\"en-GB\",\"potentialAction\":[{\"@type\":\"ReadAction\",\"target\":[\"https:\\\/\\\/pianogalerie-dresden.de\\\/kunstausstellung\\\/\"]}]},{\"@type\":\"BreadcrumbList\",\"@id\":\"https:\\\/\\\/pianogalerie-dresden.de\\\/kunstausstellung\\\/#breadcrumb\",\"itemListElement\":[{\"@type\":\"ListItem\",\"position\":1,\"name\":\"Startseite\",\"item\":\"https:\\\/\\\/pianogalerie-dresden.de\\\/\"},{\"@type\":\"ListItem\",\"position\":2,\"name\":\"Kunstausstellung\"}]},{\"@type\":\"WebSite\",\"@id\":\"https:\\\/\\\/pianogalerie-dresden.de\\\/#website\",\"url\":\"https:\\\/\\\/pianogalerie-dresden.de\\\/\",\"name\":\"Piano Galerie Dresden\",\"description\":\"Klaviere Fl\u00fcgel Verkauf\",\"publisher\":{\"@id\":\"https:\\\/\\\/pianogalerie-dresden.de\\\/#organization\"},\"potentialAction\":[{\"@type\":\"SearchAction\",\"target\":{\"@type\":\"EntryPoint\",\"urlTemplate\":\"https:\\\/\\\/pianogalerie-dresden.de\\\/?s={search_term_string}\"},\"query-input\":{\"@type\":\"PropertyValueSpecification\",\"valueRequired\":true,\"valueName\":\"search_term_string\"}}],\"inLanguage\":\"en-GB\"},{\"@type\":\"Organization\",\"@id\":\"https:\\\/\\\/pianogalerie-dresden.de\\\/#organization\",\"name\":\"Piano Galerie Dresden\",\"url\":\"https:\\\/\\\/pianogalerie-dresden.de\\\/\",\"logo\":{\"@type\":\"ImageObject\",\"inLanguage\":\"en-GB\",\"@id\":\"https:\\\/\\\/pianogalerie-dresden.de\\\/#\\\/schema\\\/logo\\\/image\\\/\",\"url\":\"https:\\\/\\\/pianogalerie-dresden.de\\\/wp-content\\\/uploads\\\/2021\\\/01\\\/logo-piano-galerie-dresden.png\",\"contentUrl\":\"https:\\\/\\\/pianogalerie-dresden.de\\\/wp-content\\\/uploads\\\/2021\\\/01\\\/logo-piano-galerie-dresden.png\",\"width\":545,\"height\":197,\"caption\":\"Piano Galerie Dresden\"},\"image\":{\"@id\":\"https:\\\/\\\/pianogalerie-dresden.de\\\/#\\\/schema\\\/logo\\\/image\\\/\"}}]}<\/script>\n<!-- \/ Yoast SEO plugin. -->","yoast_head_json":{"title":"Kunstausstellung &#8226; Piano Galerie Dresden","robots":{"index":"index","follow":"follow","max-snippet":"max-snippet:-1","max-image-preview":"max-image-preview:large","max-video-preview":"max-video-preview:-1"},"canonical":"https:\/\/pianogalerie-dresden.de\/en\/kunstausstellung\/","og_locale":"en_GB","og_type":"article","og_title":"Kunstausstellung &#8226; Piano Galerie Dresden","og_description":"Hersteller: Grotrian Steinweg Modell: Modell 122 Oberfl\u00e4che: schwarz poliert Mechanik: Renner Mechanik Baujahr: 1981 Pedale: 2 Abmessungen: 121cm hoch x 147cm breit x 56cm tief Zustand: gebraucht, Made in Germany, neue schwarz polierte Oberfl\u00e4che Sonstiges: Das GROTRIAN-STEINWEG, Modell 122 ist ein Klavier der Spitzenklasse. Sein Klang ist hervorragend und f\u00fcr fortgeschrittene Klavierspieler und Profis bestens [&hellip;]","og_url":"https:\/\/pianogalerie-dresden.de\/en\/kunstausstellung\/","og_site_name":"Piano Galerie Dresden","article_modified_time":"2021-10-25T06:59:57+00:00","og_image":[{"width":1396,"height":930,"url":"https:\/\/pianogalerie-dresden.de\/wp-content\/uploads\/2021\/02\/360-grad-piano-galerie-dresden.jpg","type":"image\/jpeg"}],"twitter_card":"summary_large_image","twitter_misc":{"Estimated reading time":"4 minutes"},"schema":{"@context":"https:\/\/schema.org","@graph":[{"@type":"WebPage","@id":"https:\/\/pianogalerie-dresden.de\/kunstausstellung\/","url":"https:\/\/pianogalerie-dresden.de\/kunstausstellung\/","name":"Kunstausstellung &#8226; Piano Galerie Dresden","isPartOf":{"@id":"https:\/\/pianogalerie-dresden.de\/#website"},"datePublished":"2020-11-19T16:39:34+00:00","dateModified":"2021-10-25T06:59:57+00:00","breadcrumb":{"@id":"https:\/\/pianogalerie-dresden.de\/kunstausstellung\/#breadcrumb"},"inLanguage":"en-GB","potentialAction":[{"@type":"ReadAction","target":["https:\/\/pianogalerie-dresden.de\/kunstausstellung\/"]}]},{"@type":"BreadcrumbList","@id":"https:\/\/pianogalerie-dresden.de\/kunstausstellung\/#breadcrumb","itemListElement":[{"@type":"ListItem","position":1,"name":"Startseite","item":"https:\/\/pianogalerie-dresden.de\/"},{"@type":"ListItem","position":2,"name":"Kunstausstellung"}]},{"@type":"WebSite","@id":"https:\/\/pianogalerie-dresden.de\/#website","url":"https:\/\/pianogalerie-dresden.de\/","name":"Piano Gallery Dresden","description":"Klaviere Fl\u00fcgel Verkauf","publisher":{"@id":"https:\/\/pianogalerie-dresden.de\/#organization"},"potentialAction":[{"@type":"SearchAction","target":{"@type":"EntryPoint","urlTemplate":"https:\/\/pianogalerie-dresden.de\/?s={search_term_string}"},"query-input":{"@type":"PropertyValueSpecification","valueRequired":true,"valueName":"search_term_string"}}],"inLanguage":"en-GB"},{"@type":"Organization","@id":"https:\/\/pianogalerie-dresden.de\/#organization","name":"Piano Gallery Dresden","url":"https:\/\/pianogalerie-dresden.de\/","logo":{"@type":"ImageObject","inLanguage":"en-GB","@id":"https:\/\/pianogalerie-dresden.de\/#\/schema\/logo\/image\/","url":"https:\/\/pianogalerie-dresden.de\/wp-content\/uploads\/2021\/01\/logo-piano-galerie-dresden.png","contentUrl":"https:\/\/pianogalerie-dresden.de\/wp-content\/uploads\/2021\/01\/logo-piano-galerie-dresden.png","width":545,"height":197,"caption":"Piano Galerie Dresden"},"image":{"@id":"https:\/\/pianogalerie-dresden.de\/#\/schema\/logo\/image\/"}}]}},"jetpack_sharing_enabled":true,"_links":{"self":[{"href":"https:\/\/pianogalerie-dresden.de\/en\/wp-json\/wp\/v2\/pages\/53281","targetHints":{"allow":["GET"]}}],"collection":[{"href":"https:\/\/pianogalerie-dresden.de\/en\/wp-json\/wp\/v2\/pages"}],"about":[{"href":"https:\/\/pianogalerie-dresden.de\/en\/wp-json\/wp\/v2\/types\/page"}],"author":[{"embeddable":true,"href":"https:\/\/pianogalerie-dresden.de\/en\/wp-json\/wp\/v2\/users\/1"}],"replies":[{"embeddable":true,"href":"https:\/\/pianogalerie-dresden.de\/en\/wp-json\/wp\/v2\/comments?post=53281"}],"version-history":[{"count":0,"href":"https:\/\/pianogalerie-dresden.de\/en\/wp-json\/wp\/v2\/pages\/53281\/revisions"}],"wp:attachment":[{"href":"https:\/\/pianogalerie-dresden.de\/en\/wp-json\/wp\/v2\/media?parent=53281"}],"curies":[{"name":"wp","href":"https:\/\/api.w.org\/{rel}","templated":true}]}}